{"id":2,"date":"2021-05-18T06:43:06","date_gmt":"2021-05-18T06:43:06","guid":{"rendered":"http:\/\/windischhuette.at\/Windisch\/?page_id=2"},"modified":"2026-04-29T18:25:51","modified_gmt":"2026-04-29T16:25:51","slug":"windisch-home","status":"publish","type":"page","link":"http:\/\/windischhuette.at\/","title":{"rendered":"Windisch"},"content":{"rendered":"<p style=\"text-align: center;\"><ins datetime=\"2021-05-18T08:19:12+00:00\"><\/ins><img loading=\"lazy\" decoding=\"async\" class=\"alignnone wp-image-24 aligncenter\" src=\"http:\/\/windischhuette.at\/wp-content\/uploads\/2021\/05\/eingangbea-300x90.jpg\" alt=\"\" width=\"1209\" height=\"363\" srcset=\"http:\/\/windischhuette.at\/wp-content\/uploads\/2021\/05\/eingangbea-300x90.jpg 300w, http:\/\/windischhuette.at\/wp-content\/uploads\/2021\/05\/eingangbea-1024x307.jpg 1024w, http:\/\/windischhuette.at\/wp-content\/uploads\/2021\/05\/eingangbea-768x230.jpg 768w, http:\/\/windischhuette.at\/wp-content\/uploads\/2021\/05\/eingangbea.jpg 1079w\" sizes=\"auto, (max-width: 1209px) 100vw, 1209px\" \/><b><i><\/i><\/b><b><\/b><\/p>\n<p class=\"p1\" style=\"text-align: center;\"><b><i>!! ACHTUNG !!!<br \/>\nAm Sonntag, 03.05.2026 geschlossen.<\/i><\/b><b><i><\/i><\/b><\/p>\n<p class=\"p1\" style=\"text-align: center;\">Danach freuen wir uns, Sie wieder zu unseren normalen <a href=\"http:\/\/windischhuette.at\/index.php\/ueber-uns\/\"><span class=\"s1\">\u00d6ffnungszeiten<\/span><\/a>\u00a0begr\u00fc\u00dfen zu d\u00fcrfen.<\/p>\n<p style=\"text-align: center;\"><a href=\"http:\/\/windischhuette.at\/index.php\/jobs\/\" target=\"_blank\" rel=\"noopener\">Offene Job&#8217;s<\/a><\/p>\n<p class=\"p1\" style=\"text-align: center;\">\n","protected":false},"excerpt":{"rendered":"<p>!! ACHTUNG !!! Am Sonntag, 03.05.2026 geschlossen. Danach freuen wir uns, Sie wieder zu unseren normalen \u00d6ffnungszeiten\u00a0begr\u00fc\u00dfen zu d\u00fcrfen. Offene Job&#8217;s<\/p>\n","protected":false},"author":1,"featured_media":0,"parent":0,"menu_order":0,"comment_status":"closed","ping_status":"closed","template":"","meta":{"footnotes":""},"class_list":["post-2","page","type-page","status-publish","hentry","entry"],"_links":{"self":[{"href":"http:\/\/windischhuette.at\/index.php\/wp-json\/wp\/v2\/pages\/2","targetHints":{"allow":["GET"]}}],"collection":[{"href":"http:\/\/windischhuette.at\/index.php\/wp-json\/wp\/v2\/pages"}],"about":[{"href":"http:\/\/windischhuette.at\/index.php\/wp-json\/wp\/v2\/types\/page"}],"author":[{"embeddable":true,"href":"http:\/\/windischhuette.at\/index.php\/wp-json\/wp\/v2\/users\/1"}],"replies":[{"embeddable":true,"href":"http:\/\/windischhuette.at\/index.php\/wp-json\/wp\/v2\/comments?post=2"}],"version-history":[{"count":115,"href":"http:\/\/windischhuette.at\/index.php\/wp-json\/wp\/v2\/pages\/2\/revisions"}],"predecessor-version":[{"id":320,"href":"http:\/\/windischhuette.at\/index.php\/wp-json\/wp\/v2\/pages\/2\/revisions\/320"}],"wp:attachment":[{"href":"http:\/\/windischhuette.at\/index.php\/wp-json\/wp\/v2\/media?parent=2"}],"curies":[{"name":"wp","href":"https:\/\/api.w.org\/{rel}","templated":true}]}}