{"id":99,"date":"2021-10-31T15:28:14","date_gmt":"2021-10-31T15:28:14","guid":{"rendered":"http:\/\/windischhuette.at\/Windisch\/?page_id=99"},"modified":"2026-04-02T10:13:05","modified_gmt":"2026-04-02T08:13:05","slug":"jobs","status":"publish","type":"page","link":"http:\/\/windischhuette.at\/index.php\/jobs\/","title":{"rendered":"Job(s)"},"content":{"rendered":"<p>&nbsp;<\/p>\n<p style=\"text-align: center;\">Gesucht wird eine K\u00fcchenhilfskraft f\u00fcr Samstag, Sonntag und Feiertag!<br \/>\nVorausgesetzt wird eine eigene Mobilit\u00e4t (Auto, etc.),<br \/>\nda es am Wochenende keine \u00f6ffentlichen Verkehrsmittel zum Arbeitsplatz gibt.<\/p>\n<p style=\"text-align: center;\">Bei Interesse melden Sie sich bitte unter +43 664 4442148<\/p>\n","protected":false},"excerpt":{"rendered":"<p>&nbsp; Gesucht wird eine K\u00fcchenhilfskraft f\u00fcr Samstag, Sonntag und Feiertag! Vorausgesetzt wird eine eigene Mobilit\u00e4t (Auto, etc.), da es am Wochenende keine \u00f6ffentlichen Verkehrsmittel zum Arbeitsplatz gibt. Bei Interesse melden Sie sich bitte unter +43 664 4442148<\/p>\n","protected":false},"author":1,"featured_media":0,"parent":0,"menu_order":0,"comment_status":"closed","ping_status":"closed","template":"","meta":{"footnotes":""},"class_list":["post-99","page","type-page","status-publish","hentry","entry"],"_links":{"self":[{"href":"http:\/\/windischhuette.at\/index.php\/wp-json\/wp\/v2\/pages\/99","targetHints":{"allow":["GET"]}}],"collection":[{"href":"http:\/\/windischhuette.at\/index.php\/wp-json\/wp\/v2\/pages"}],"about":[{"href":"http:\/\/windischhuette.at\/index.php\/wp-json\/wp\/v2\/types\/page"}],"author":[{"embeddable":true,"href":"http:\/\/windischhuette.at\/index.php\/wp-json\/wp\/v2\/users\/1"}],"replies":[{"embeddable":true,"href":"http:\/\/windischhuette.at\/index.php\/wp-json\/wp\/v2\/comments?post=99"}],"version-history":[{"count":5,"href":"http:\/\/windischhuette.at\/index.php\/wp-json\/wp\/v2\/pages\/99\/revisions"}],"predecessor-version":[{"id":314,"href":"http:\/\/windischhuette.at\/index.php\/wp-json\/wp\/v2\/pages\/99\/revisions\/314"}],"wp:attachment":[{"href":"http:\/\/windischhuette.at\/index.php\/wp-json\/wp\/v2\/media?parent=99"}],"curies":[{"name":"wp","href":"https:\/\/api.w.org\/{rel}","templated":true}]}}